{"id":102,"date":"2024-11-20T11:55:14","date_gmt":"2024-11-20T10:55:14","guid":{"rendered":"http:\/\/www.cofe.at\/consulting\/?page_id=102"},"modified":"2024-12-03T12:06:19","modified_gmt":"2024-12-03T11:06:19","slug":"impressum","status":"publish","type":"page","link":"https:\/\/www.cofe.at\/index.php\/impressum\/","title":{"rendered":"Impressum"},"content":{"rendered":"\n<p><strong>Informationen und Offenlegung gem\u00e4\u00df \u00a75 (1) ECG, \u00a7 25 MedienG, \u00a7 63 GewO und \u00a7 14 UGB<\/strong><\/p>\n\n\n\n<p><strong>Webseitenbetreiber:<\/strong>&nbsp;CoFe e.U.<br><strong>Firmenbuchnummer:<\/strong>&nbsp;625355s<br><strong>Firmenbuchgericht:&nbsp;<\/strong>Landesgericht f\u00fcr Zivilrechtssachen Graz<\/p>\n\n\n\n<p><strong>Anschrift:<\/strong>&nbsp;Panoramastra\u00dfe 59, 8063 Eggersdorf bei Graz<\/p>\n\n\n\n<p><strong>UID-Nr:<\/strong>&nbsp;ATU80102247<br><strong>Gewerbeaufsichtbeh\u00f6rde:<\/strong>&nbsp;BH Graz-Umgebung<br><strong>Mitgliedschaften:&nbsp;<\/strong>Wirtschaftskammer Steiermark<\/p>\n\n\n\n<p><strong>Kontaktdaten:<\/strong><br>Telefon: +43 664 78834016<br>Email: <a href=\"mailto:office@cofe.at\">office@cofe.at<\/a><\/p>\n\n\n\n<p><strong>Anwendbare Rechtsvorschrift:<\/strong>&nbsp;www.ris.bka.gv.at<br><strong>Berufsbezeichnung:<\/strong>&nbsp;Unternehmensberatung, Buchhaltung und Informationstechn.<\/p>\n\n\n\n<p><strong>Online Streitbeilegung:<\/strong>&nbsp;Verbraucher, welche in \u00d6sterreich oder in einem sonstigen Vertragsstaat der ODR-VO niedergelassen sind, haben die M\u00f6glichkeit Probleme bez\u00fcglich dem entgeltlichen Kauf von Waren oder Dienstleistungen im Rahmen einer Online-Streitbeilegung (nach OS, AStG) zu l\u00f6sen. Die Europ\u00e4ische Kommission stellt eine Plattform hierf\u00fcr bereit: https:\/\/ec.europa.eu\/consumers\/odr<\/p>\n\n\n\n<p><strong>Urheberrecht:<\/strong>&nbsp;Die Inhalte dieser Webseite unterliegen, soweit dies rechtlich m\u00f6glich ist, diversen Schutzrechten (z.B dem Urheberrecht). Jegliche Verwendung\/Verbreitung von bereitgestelltem Material, welche urheberrechtlich untersagt ist, bedarf schriftlicher Zustimmung des Webseitenbetreibers.<\/p>\n\n\n\n<p><strong>Haftungsausschluss:<\/strong>&nbsp;Trotz sorgf\u00e4ltiger inhaltlicher Kontrolle \u00fcbernimmt der Webseitenbetreiber dieser Webseite keine Haftung f\u00fcr die Inhalte externer Links. F\u00fcr den Inhalt der verlinkten Seiten sind ausschlie\u00dflich deren Betreiber verantwortlich. Sollten Sie dennoch auf ausgehende Links aufmerksam werden, welche auf eine Webseite mit rechtswidriger T\u00e4tigkeit\/Information verweisen, ersuchen wir um dementsprechenden Hinweis, um diese nach \u00a7 17 Abs. 2 ECG umgehend zu entfernen.<br>Die Urheberrechte Dritter werden vom Betreiber dieser Webseite mit gr\u00f6\u00dfter Sorgfalt beachtet. Sollten Sie trotzdem auf eine Urheberrechtsverletzung aufmerksam werden, bitten wir um einen entsprechenden Hinweis. Bei Bekanntwerden derartiger Rechtsverletzungen werden wir den betroffenen Inhalt umgehend entfernen.<\/p>\n\n\n\n<p class=\"has-small-font-size\">Quelle:&nbsp;<strong><a href=\"https:\/\/www.fairesrecht.at\/kostenlos-impressum-erstellen-generator.php\">Impressum Generator \u00d6sterreich<\/a><\/strong><\/p>\n\n\n\n<p><\/p>\n","protected":false},"excerpt":{"rendered":"<p>Informationen und Offenlegung gem\u00e4\u00df \u00a75 (1) ECG, \u00a7 25 MedienG, \u00a7 63 GewO und \u00a7 14 UGB Webseitenbetreiber:&nbsp;CoFe e.U.Firmenbuchnummer:&nbsp;625355sFirmenbuchgericht:&nbsp;Landesgericht f\u00fcr Zivilrechtssachen Graz Anschrift:&nbsp;Panoramastra\u00dfe 59, 8063 Eggersdorf bei Graz UID-Nr:&nbsp;ATU80102247Gewerbeaufsichtbeh\u00f6rde:&nbsp;BH Graz-UmgebungMitgliedschaften:&nbsp;Wirtschaftskammer Steiermark Kontaktdaten:Telefon: +43 664 78834016Email: office@cofe.at Anwendbare Rechtsvorschrift:&nbsp;www.ris.bka.gv.atBerufsbezeichnung:&nbsp;Unternehmensberatung, Buchhaltung und Informationstechn. Online Streitbeilegung:&nbsp;Verbraucher, welche in \u00d6sterreich oder in einem sonstigen Vertragsstaat der ODR-VO niedergelassen sind, [&hellip;]<\/p>\n","protected":false},"author":1,"featured_media":0,"parent":0,"menu_order":0,"comment_status":"closed","ping_status":"closed","template":"","meta":{"_eb_attr":"","_themeisle_gutenberg_block_has_review":false,"footnotes":""},"class_list":["post-102","page","type-page","status-publish","hentry"],"yoast_head":"<!-- This site is optimized with the Yoast SEO plugin v27.4 - https:\/\/yoast.com\/product\/yoast-seo-wordpress\/ -->\n<title>Impressum - CoFe e.U.<\/title>\n<meta name=\"description\" content=\"Impressum: Alle rechtlichen Informationen zu unserem Unternehmen. Hier finden Sie Angaben zu Gesch\u00e4ftsf\u00fchrer, Kontaktm\u00f6glichkeiten und rechtlichen Verantwortlichkeiten.\" \/>\n<meta name=\"robots\" content=\"index, follow, max-snippet:-1, max-image-preview:large, max-video-preview:-1\" \/>\n<link rel=\"canonical\" href=\"https:\/\/www.cofe.at\/index.php\/impressum\/\" \/>\n<meta property=\"og:locale\" content=\"de_DE\" \/>\n<meta property=\"og:type\" content=\"article\" \/>\n<meta property=\"og:title\" content=\"Impressum - CoFe e.U.\" \/>\n<meta property=\"og:description\" content=\"Impressum: Alle rechtlichen Informationen zu unserem Unternehmen. Hier finden Sie Angaben zu Gesch\u00e4ftsf\u00fchrer, Kontaktm\u00f6glichkeiten und rechtlichen Verantwortlichkeiten.\" \/>\n<meta property=\"og:url\" content=\"https:\/\/www.cofe.at\/index.php\/impressum\/\" \/>\n<meta property=\"og:site_name\" content=\"CoFe e.U.\" \/>\n<meta property=\"article:modified_time\" content=\"2024-12-03T11:06:19+00:00\" \/>\n<meta name=\"twitter:card\" content=\"summary_large_image\" \/>\n<meta name=\"twitter:label1\" content=\"Gesch\u00e4tzte Lesezeit\" \/>\n\t<meta name=\"twitter:data1\" content=\"2 Minuten\" \/>\n<script type=\"application\/ld+json\" class=\"yoast-schema-graph\">{\"@context\":\"https:\\\/\\\/schema.org\",\"@graph\":[{\"@type\":\"WebPage\",\"@id\":\"https:\\\/\\\/www.cofe.at\\\/index.php\\\/impressum\\\/\",\"url\":\"https:\\\/\\\/www.cofe.at\\\/index.php\\\/impressum\\\/\",\"name\":\"Impressum - CoFe e.U.\",\"isPartOf\":{\"@id\":\"https:\\\/\\\/www.cofe.at\\\/#website\"},\"datePublished\":\"2024-11-20T10:55:14+00:00\",\"dateModified\":\"2024-12-03T11:06:19+00:00\",\"description\":\"Impressum: Alle rechtlichen Informationen zu unserem Unternehmen. Hier finden Sie Angaben zu Gesch\u00e4ftsf\u00fchrer, Kontaktm\u00f6glichkeiten und rechtlichen Verantwortlichkeiten.\",\"breadcrumb\":{\"@id\":\"https:\\\/\\\/www.cofe.at\\\/index.php\\\/impressum\\\/#breadcrumb\"},\"inLanguage\":\"de-AT\",\"potentialAction\":[{\"@type\":\"ReadAction\",\"target\":[\"https:\\\/\\\/www.cofe.at\\\/index.php\\\/impressum\\\/\"]}]},{\"@type\":\"BreadcrumbList\",\"@id\":\"https:\\\/\\\/www.cofe.at\\\/index.php\\\/impressum\\\/#breadcrumb\",\"itemListElement\":[{\"@type\":\"ListItem\",\"position\":1,\"name\":\"Startseite\",\"item\":\"https:\\\/\\\/www.cofe.at\\\/\"},{\"@type\":\"ListItem\",\"position\":2,\"name\":\"Impressum\"}]},{\"@type\":\"WebSite\",\"@id\":\"https:\\\/\\\/www.cofe.at\\\/#website\",\"url\":\"https:\\\/\\\/www.cofe.at\\\/\",\"name\":\"CoFe e.U.\",\"description\":\"Consulting - Coaching - Computing\",\"publisher\":{\"@id\":\"https:\\\/\\\/www.cofe.at\\\/#organization\"},\"potentialAction\":[{\"@type\":\"SearchAction\",\"target\":{\"@type\":\"EntryPoint\",\"urlTemplate\":\"https:\\\/\\\/www.cofe.at\\\/?s={search_term_string}\"},\"query-input\":{\"@type\":\"PropertyValueSpecification\",\"valueRequired\":true,\"valueName\":\"search_term_string\"}}],\"inLanguage\":\"de-AT\"},{\"@type\":\"Organization\",\"@id\":\"https:\\\/\\\/www.cofe.at\\\/#organization\",\"name\":\"CoFe e.U.\",\"url\":\"https:\\\/\\\/www.cofe.at\\\/\",\"logo\":{\"@type\":\"ImageObject\",\"inLanguage\":\"de-AT\",\"@id\":\"https:\\\/\\\/www.cofe.at\\\/#\\\/schema\\\/logo\\\/image\\\/\",\"url\":\"https:\\\/\\\/www.cofe.at\\\/wp-content\\\/uploads\\\/2024\\\/11\\\/CoFe_Logo_ohneText_blau-bbfff2.svg\",\"contentUrl\":\"https:\\\/\\\/www.cofe.at\\\/wp-content\\\/uploads\\\/2024\\\/11\\\/CoFe_Logo_ohneText_blau-bbfff2.svg\",\"width\":100,\"height\":100,\"caption\":\"CoFe e.U.\"},\"image\":{\"@id\":\"https:\\\/\\\/www.cofe.at\\\/#\\\/schema\\\/logo\\\/image\\\/\"},\"sameAs\":[\"https:\\\/\\\/www.xing.com\\\/pages\\\/cofe-e-u\",\"https:\\\/\\\/www.linkedin.com\\\/company\\\/103912604\"]}]}<\/script>\n<!-- \/ Yoast SEO plugin. -->","yoast_head_json":{"title":"Impressum - CoFe e.U.","description":"Impressum: Alle rechtlichen Informationen zu unserem Unternehmen. Hier finden Sie Angaben zu Gesch\u00e4ftsf\u00fchrer, Kontaktm\u00f6glichkeiten und rechtlichen Verantwortlichkeiten.","robots":{"index":"index","follow":"follow","max-snippet":"max-snippet:-1","max-image-preview":"max-image-preview:large","max-video-preview":"max-video-preview:-1"},"canonical":"https:\/\/www.cofe.at\/index.php\/impressum\/","og_locale":"de_DE","og_type":"article","og_title":"Impressum - CoFe e.U.","og_description":"Impressum: Alle rechtlichen Informationen zu unserem Unternehmen. Hier finden Sie Angaben zu Gesch\u00e4ftsf\u00fchrer, Kontaktm\u00f6glichkeiten und rechtlichen Verantwortlichkeiten.","og_url":"https:\/\/www.cofe.at\/index.php\/impressum\/","og_site_name":"CoFe e.U.","article_modified_time":"2024-12-03T11:06:19+00:00","twitter_card":"summary_large_image","twitter_misc":{"Gesch\u00e4tzte Lesezeit":"2 Minuten"},"schema":{"@context":"https:\/\/schema.org","@graph":[{"@type":"WebPage","@id":"https:\/\/www.cofe.at\/index.php\/impressum\/","url":"https:\/\/www.cofe.at\/index.php\/impressum\/","name":"Impressum - CoFe e.U.","isPartOf":{"@id":"https:\/\/www.cofe.at\/#website"},"datePublished":"2024-11-20T10:55:14+00:00","dateModified":"2024-12-03T11:06:19+00:00","description":"Impressum: Alle rechtlichen Informationen zu unserem Unternehmen. Hier finden Sie Angaben zu Gesch\u00e4ftsf\u00fchrer, Kontaktm\u00f6glichkeiten und rechtlichen Verantwortlichkeiten.","breadcrumb":{"@id":"https:\/\/www.cofe.at\/index.php\/impressum\/#breadcrumb"},"inLanguage":"de-AT","potentialAction":[{"@type":"ReadAction","target":["https:\/\/www.cofe.at\/index.php\/impressum\/"]}]},{"@type":"BreadcrumbList","@id":"https:\/\/www.cofe.at\/index.php\/impressum\/#breadcrumb","itemListElement":[{"@type":"ListItem","position":1,"name":"Startseite","item":"https:\/\/www.cofe.at\/"},{"@type":"ListItem","position":2,"name":"Impressum"}]},{"@type":"WebSite","@id":"https:\/\/www.cofe.at\/#website","url":"https:\/\/www.cofe.at\/","name":"CoFe e.U.","description":"Consulting - Coaching - Computing","publisher":{"@id":"https:\/\/www.cofe.at\/#organization"},"potentialAction":[{"@type":"SearchAction","target":{"@type":"EntryPoint","urlTemplate":"https:\/\/www.cofe.at\/?s={search_term_string}"},"query-input":{"@type":"PropertyValueSpecification","valueRequired":true,"valueName":"search_term_string"}}],"inLanguage":"de-AT"},{"@type":"Organization","@id":"https:\/\/www.cofe.at\/#organization","name":"CoFe e.U.","url":"https:\/\/www.cofe.at\/","logo":{"@type":"ImageObject","inLanguage":"de-AT","@id":"https:\/\/www.cofe.at\/#\/schema\/logo\/image\/","url":"https:\/\/www.cofe.at\/wp-content\/uploads\/2024\/11\/CoFe_Logo_ohneText_blau-bbfff2.svg","contentUrl":"https:\/\/www.cofe.at\/wp-content\/uploads\/2024\/11\/CoFe_Logo_ohneText_blau-bbfff2.svg","width":100,"height":100,"caption":"CoFe e.U."},"image":{"@id":"https:\/\/www.cofe.at\/#\/schema\/logo\/image\/"},"sameAs":["https:\/\/www.xing.com\/pages\/cofe-e-u","https:\/\/www.linkedin.com\/company\/103912604"]}]}},"_links":{"self":[{"href":"https:\/\/www.cofe.at\/index.php\/wp-json\/wp\/v2\/pages\/102","targetHints":{"allow":["GET"]}}],"collection":[{"href":"https:\/\/www.cofe.at\/index.php\/wp-json\/wp\/v2\/pages"}],"about":[{"href":"https:\/\/www.cofe.at\/index.php\/wp-json\/wp\/v2\/types\/page"}],"author":[{"embeddable":true,"href":"https:\/\/www.cofe.at\/index.php\/wp-json\/wp\/v2\/users\/1"}],"replies":[{"embeddable":true,"href":"https:\/\/www.cofe.at\/index.php\/wp-json\/wp\/v2\/comments?post=102"}],"version-history":[{"count":3,"href":"https:\/\/www.cofe.at\/index.php\/wp-json\/wp\/v2\/pages\/102\/revisions"}],"predecessor-version":[{"id":880,"href":"https:\/\/www.cofe.at\/index.php\/wp-json\/wp\/v2\/pages\/102\/revisions\/880"}],"wp:attachment":[{"href":"https:\/\/www.cofe.at\/index.php\/wp-json\/wp\/v2\/media?parent=102"}],"curies":[{"name":"wp","href":"https:\/\/api.w.org\/{rel}","templated":true}]}}