{"id":175,"date":"2024-11-20T18:57:25","date_gmt":"2024-11-20T17:57:25","guid":{"rendered":"http:\/\/www.cofe.at\/consulting\/?page_id=175"},"modified":"2024-12-09T08:45:11","modified_gmt":"2024-12-09T07:45:11","slug":"coaching","status":"publish","type":"page","link":"https:\/\/www.cofe.at\/index.php\/coaching\/","title":{"rendered":"Coaching"},"content":{"rendered":"\n<p>Wir bieten Standard-Coachings sowie auch auf Ihre Bed\u00fcrfnisse abgestimmte individuelle Coachings an.<\/p>\n\n\n\n<p>Sie entscheiden, was Sie ben\u00f6tigen und gemeinsam finden wir sicher das passende Coaching f\u00fcr Sie.<\/p>\n\n\n\n<div class=\"wp-block-columns is-layout-flex wp-container-core-columns-is-layout-9d6595d7 wp-block-columns-is-layout-flex\">\n<div class=\"wp-block-column is-layout-flow wp-block-column-is-layout-flow\">\n<div class=\"wp-block-essential-blocks-flipbox  root-eb-flipbox-sa3g8\"><div class=\"eb-parent-wrapper eb-parent-eb-flipbox-sa3g8 \"><div class=\"eb-flipbox-container eb-flipbox-sa3g8 eb-flipbox-align-center eb-hover-mode\" data-id=\"eb-flipbox-sa3g8\" data-flip-type=\"flip-left\" data-flip-mode=\"hover\"><div class=\"eb-flipper flip-left\"><div class=\"eb-flipbox-front\"><div class=\"eb-flipbox-items-container\"><div class=\"eb-flipbox-icon-wrapper\"><div class=\"eb-flipbox-front-image-container\"><img decoding=\"async\" src=\"https:\/\/www.cofe.at\/wp-content\/uploads\/Coac-Stan-39d7cf.svg\" alt=\"Standards\"\/><\/div><\/div><div class=\"eb-flipbox-front-title-wrapper\"><h3 class=\"eb-flipbox-front-title\">Standards<\/h3><\/div><\/div><\/div><div class=\"eb-flipbox-back\" onclick=\"window.location='https:\/\/www.cofe.at\/index.php\/coaching\/qualitaetsmanagement-und-standards\/'\"><div class=\"eb-flipbox-items-container\"><div class=\"eb-flipbox-icon-wrapper\"><div class=\"eb-flipbox-back-image-container\"><img decoding=\"async\" src=\"https:\/\/www.cofe.at\/wp-content\/uploads\/Coac-Stan-39d7cf.svg\" alt=\"Standards\"\/><\/div><\/div><div class=\"eb-flipbox-back-content-wrapper\"><p class=\"eb-flipbox-back-content\">Anwendung von Standards nach ISO, VDA, AIAG, &#8230;<\/p><\/div><\/div><\/div><\/div><\/div><\/div><\/div>\n\n\n\n<div class=\"wp-block-essential-blocks-flipbox  root-eb-flipbox-76dw5\"><div class=\"eb-parent-wrapper eb-parent-eb-flipbox-76dw5 \"><div class=\"eb-flipbox-container eb-flipbox-76dw5 eb-flipbox-align-center eb-hover-mode\" data-id=\"eb-flipbox-76dw5\" data-flip-type=\"flip-left\" data-flip-mode=\"hover\"><div class=\"eb-flipper flip-left\"><div class=\"eb-flipbox-front\"><div class=\"eb-flipbox-items-container\"><div class=\"eb-flipbox-icon-wrapper\"><div class=\"eb-flipbox-front-image-container\"><img decoding=\"async\" src=\"https:\/\/www.cofe.at\/wp-content\/uploads\/Coac-Coac-4028a3.svg\" alt=\"\"\/><\/div><\/div><div class=\"eb-flipbox-front-title-wrapper\"><h3 class=\"eb-flipbox-front-title\">Coaching und Weiterbildung<\/h3><\/div><\/div><\/div><div class=\"eb-flipbox-back\" onclick=\"window.location='https:\/\/www.cofe.at\/index.php\/coaching\/coaching-und-weiterbildung\/'\"><div class=\"eb-flipbox-items-container\"><div class=\"eb-flipbox-icon-wrapper\"><div class=\"eb-flipbox-back-image-container\"><img decoding=\"async\" src=\"https:\/\/www.cofe.at\/wp-content\/uploads\/Coac-Coac-4028a3.svg\" alt=\"\"\/><\/div><\/div><div class=\"eb-flipbox-back-content-wrapper\"><p class=\"eb-flipbox-back-content\">Individuelle Coachings und Trainings ganz nach Ihren Bed\u00fcrfnissen &#8230;<\/p><\/div><\/div><\/div><\/div><\/div><\/div><\/div>\n<\/div>\n\n\n\n<div class=\"wp-block-column is-layout-flow wp-block-column-is-layout-flow\">\n<div class=\"wp-block-essential-blocks-flipbox  root-eb-flipbox-hfsni\"><div class=\"eb-parent-wrapper eb-parent-eb-flipbox-hfsni \"><div class=\"eb-flipbox-container eb-flipbox-hfsni eb-flipbox-align-center eb-hover-mode\" data-id=\"eb-flipbox-hfsni\" data-flip-type=\"flip-left\" data-flip-mode=\"hover\"><div class=\"eb-flipper flip-left\"><div class=\"eb-flipbox-front\"><div class=\"eb-flipbox-items-container\"><div class=\"eb-flipbox-icon-wrapper\"><div class=\"eb-flipbox-front-image-container\"><img decoding=\"async\" src=\"https:\/\/www.cofe.at\/wp-content\/uploads\/Coac-Mana-f1cea1.svg\" alt=\"\"\/><\/div><\/div><div class=\"eb-flipbox-front-title-wrapper\"><h3 class=\"eb-flipbox-front-title\">Managementsysteme und Methoden<\/h3><\/div><\/div><\/div><div class=\"eb-flipbox-back\" onclick=\"window.location='https:\/\/www.cofe.at\/index.php\/coaching\/managementsysteme-und-methoden\/'\"><div class=\"eb-flipbox-items-container\"><div class=\"eb-flipbox-icon-wrapper\"><div class=\"eb-flipbox-back-image-container\"><img decoding=\"async\" src=\"https:\/\/www.cofe.at\/wp-content\/uploads\/Coac-Mana-f1cea1.svg\" alt=\"\"\/><\/div><\/div><div class=\"eb-flipbox-back-content-wrapper\"><p class=\"eb-flipbox-back-content\">Prozessmodelle, Tools, Werkzeuge &#8230;<\/p><\/div><\/div><\/div><\/div><\/div><\/div><\/div>\n<\/div>\n\n\n\n<div class=\"wp-block-column is-layout-flow wp-block-column-is-layout-flow\">\n<div class=\"wp-block-essential-blocks-flipbox  root-eb-flipbox-1lahd\"><div class=\"eb-parent-wrapper eb-parent-eb-flipbox-1lahd \"><div class=\"eb-flipbox-container eb-flipbox-1lahd eb-flipbox-align-center eb-hover-mode\" data-id=\"eb-flipbox-1lahd\" data-flip-type=\"flip-left\" data-flip-mode=\"hover\"><div class=\"eb-flipper flip-left\"><div class=\"eb-flipbox-front\"><div class=\"eb-flipbox-items-container\"><div class=\"eb-flipbox-icon-wrapper\"><div class=\"eb-flipbox-front-image-container\"><img decoding=\"async\" src=\"https:\/\/www.cofe.at\/wp-content\/uploads\/Coac-Umwe-1e3600.svg\" alt=\"\"\/><\/div><\/div><div class=\"eb-flipbox-front-title-wrapper\"><h3 class=\"eb-flipbox-front-title\">Umweltmanagement und Klimaschutz<\/h3><\/div><\/div><\/div><div class=\"eb-flipbox-back\" onclick=\"window.location='https:\/\/www.cofe.at\/index.php\/coaching\/umweltmanagement-klimaschutz\/'\"><div class=\"eb-flipbox-items-container\"><div class=\"eb-flipbox-icon-wrapper\"><div class=\"eb-flipbox-back-image-container\"><img decoding=\"async\" src=\"https:\/\/www.cofe.at\/wp-content\/uploads\/Coac-Umwe-1e3600.svg\" alt=\"\"\/><\/div><\/div><div class=\"eb-flipbox-back-content-wrapper\"><p class=\"eb-flipbox-back-content\">Ressourcen sparen, Abfall reduzieren, Nachhaltigkeit f\u00f6rdern, &#8230;<\/p><\/div><\/div><\/div><\/div><\/div><\/div><\/div>\n<\/div>\n<\/div>\n","protected":false},"excerpt":{"rendered":"<p>Wir bieten Standard-Coachings sowie auch auf Ihre Bed\u00fcrfnisse abgestimmte individuelle Coachings an. Sie entscheiden, was Sie ben\u00f6tigen und gemeinsam finden wir sicher das passende Coaching f\u00fcr Sie.<\/p>\n","protected":false},"author":1,"featured_media":0,"parent":0,"menu_order":0,"comment_status":"closed","ping_status":"closed","template":"","meta":{"_eb_attr":"","_themeisle_gutenberg_block_has_review":false,"footnotes":""},"class_list":["post-175","page","type-page","status-publish","hentry"],"yoast_head":"<!-- This site is optimized with the Yoast SEO plugin v27.4 - https:\/\/yoast.com\/product\/yoast-seo-wordpress\/ -->\n<title>Coaching - CoFe e.U.<\/title>\n<meta name=\"description\" content=\"Erreichen Sie Ihre Ziele mit professionellem Coaching! Entdecken Sie individuelle L\u00f6sungen f\u00fcr pers\u00f6nliche Weiterentwicklung, Karriere, F\u00fchrung oder Lebensbalance. Jetzt informieren!\" \/>\n<meta name=\"robots\" content=\"index, follow, max-snippet:-1, max-image-preview:large, max-video-preview:-1\" \/>\n<link rel=\"canonical\" href=\"https:\/\/www.cofe.at\/index.php\/coaching\/\" \/>\n<meta property=\"og:locale\" content=\"de_DE\" \/>\n<meta property=\"og:type\" content=\"article\" \/>\n<meta property=\"og:title\" content=\"Coaching - CoFe e.U.\" \/>\n<meta property=\"og:description\" content=\"Erreichen Sie Ihre Ziele mit professionellem Coaching! Entdecken Sie individuelle L\u00f6sungen f\u00fcr pers\u00f6nliche Weiterentwicklung, Karriere, F\u00fchrung oder Lebensbalance. Jetzt informieren!\" \/>\n<meta property=\"og:url\" content=\"https:\/\/www.cofe.at\/index.php\/coaching\/\" \/>\n<meta property=\"og:site_name\" content=\"CoFe e.U.\" \/>\n<meta property=\"article:modified_time\" content=\"2024-12-09T07:45:11+00:00\" \/>\n<meta property=\"og:image\" content=\"https:\/\/www.cofe.at\/wp-content\/uploads\/Coac-Stan-39d7cf.svg\" \/>\n<meta name=\"twitter:card\" content=\"summary_large_image\" \/>\n<meta name=\"twitter:label1\" content=\"Gesch\u00e4tzte Lesezeit\" \/>\n\t<meta name=\"twitter:data1\" content=\"2 Minuten\" \/>\n<script type=\"application\/ld+json\" class=\"yoast-schema-graph\">{\"@context\":\"https:\\\/\\\/schema.org\",\"@graph\":[{\"@type\":\"WebPage\",\"@id\":\"https:\\\/\\\/www.cofe.at\\\/index.php\\\/coaching\\\/\",\"url\":\"https:\\\/\\\/www.cofe.at\\\/index.php\\\/coaching\\\/\",\"name\":\"Coaching - CoFe e.U.\",\"isPartOf\":{\"@id\":\"https:\\\/\\\/www.cofe.at\\\/#website\"},\"primaryImageOfPage\":{\"@id\":\"https:\\\/\\\/www.cofe.at\\\/index.php\\\/coaching\\\/#primaryimage\"},\"image\":{\"@id\":\"https:\\\/\\\/www.cofe.at\\\/index.php\\\/coaching\\\/#primaryimage\"},\"thumbnailUrl\":\"https:\\\/\\\/www.cofe.at\\\/wp-content\\\/uploads\\\/Coac-Stan-39d7cf.svg\",\"datePublished\":\"2024-11-20T17:57:25+00:00\",\"dateModified\":\"2024-12-09T07:45:11+00:00\",\"description\":\"Erreichen Sie Ihre Ziele mit professionellem Coaching! Entdecken Sie individuelle L\u00f6sungen f\u00fcr pers\u00f6nliche Weiterentwicklung, Karriere, F\u00fchrung oder Lebensbalance. Jetzt informieren!\",\"breadcrumb\":{\"@id\":\"https:\\\/\\\/www.cofe.at\\\/index.php\\\/coaching\\\/#breadcrumb\"},\"inLanguage\":\"de-AT\",\"potentialAction\":[{\"@type\":\"ReadAction\",\"target\":[\"https:\\\/\\\/www.cofe.at\\\/index.php\\\/coaching\\\/\"]}]},{\"@type\":\"ImageObject\",\"inLanguage\":\"de-AT\",\"@id\":\"https:\\\/\\\/www.cofe.at\\\/index.php\\\/coaching\\\/#primaryimage\",\"url\":\"https:\\\/\\\/www.cofe.at\\\/wp-content\\\/uploads\\\/Coac-Stan-39d7cf.svg\",\"contentUrl\":\"https:\\\/\\\/www.cofe.at\\\/wp-content\\\/uploads\\\/Coac-Stan-39d7cf.svg\",\"width\":800,\"height\":800,\"caption\":\"Standards\"},{\"@type\":\"BreadcrumbList\",\"@id\":\"https:\\\/\\\/www.cofe.at\\\/index.php\\\/coaching\\\/#breadcrumb\",\"itemListElement\":[{\"@type\":\"ListItem\",\"position\":1,\"name\":\"Startseite\",\"item\":\"https:\\\/\\\/www.cofe.at\\\/\"},{\"@type\":\"ListItem\",\"position\":2,\"name\":\"Coaching\"}]},{\"@type\":\"WebSite\",\"@id\":\"https:\\\/\\\/www.cofe.at\\\/#website\",\"url\":\"https:\\\/\\\/www.cofe.at\\\/\",\"name\":\"CoFe e.U.\",\"description\":\"Consulting - Coaching - Computing\",\"publisher\":{\"@id\":\"https:\\\/\\\/www.cofe.at\\\/#organization\"},\"potentialAction\":[{\"@type\":\"SearchAction\",\"target\":{\"@type\":\"EntryPoint\",\"urlTemplate\":\"https:\\\/\\\/www.cofe.at\\\/?s={search_term_string}\"},\"query-input\":{\"@type\":\"PropertyValueSpecification\",\"valueRequired\":true,\"valueName\":\"search_term_string\"}}],\"inLanguage\":\"de-AT\"},{\"@type\":\"Organization\",\"@id\":\"https:\\\/\\\/www.cofe.at\\\/#organization\",\"name\":\"CoFe e.U.\",\"url\":\"https:\\\/\\\/www.cofe.at\\\/\",\"logo\":{\"@type\":\"ImageObject\",\"inLanguage\":\"de-AT\",\"@id\":\"https:\\\/\\\/www.cofe.at\\\/#\\\/schema\\\/logo\\\/image\\\/\",\"url\":\"https:\\\/\\\/www.cofe.at\\\/wp-content\\\/uploads\\\/2024\\\/11\\\/CoFe_Logo_ohneText_blau-bbfff2.svg\",\"contentUrl\":\"https:\\\/\\\/www.cofe.at\\\/wp-content\\\/uploads\\\/2024\\\/11\\\/CoFe_Logo_ohneText_blau-bbfff2.svg\",\"width\":100,\"height\":100,\"caption\":\"CoFe e.U.\"},\"image\":{\"@id\":\"https:\\\/\\\/www.cofe.at\\\/#\\\/schema\\\/logo\\\/image\\\/\"},\"sameAs\":[\"https:\\\/\\\/www.xing.com\\\/pages\\\/cofe-e-u\",\"https:\\\/\\\/www.linkedin.com\\\/company\\\/103912604\"]}]}<\/script>\n<!-- \/ Yoast SEO plugin. -->","yoast_head_json":{"title":"Coaching - CoFe e.U.","description":"Erreichen Sie Ihre Ziele mit professionellem Coaching! Entdecken Sie individuelle L\u00f6sungen f\u00fcr pers\u00f6nliche Weiterentwicklung, Karriere, F\u00fchrung oder Lebensbalance. Jetzt informieren!","robots":{"index":"index","follow":"follow","max-snippet":"max-snippet:-1","max-image-preview":"max-image-preview:large","max-video-preview":"max-video-preview:-1"},"canonical":"https:\/\/www.cofe.at\/index.php\/coaching\/","og_locale":"de_DE","og_type":"article","og_title":"Coaching - CoFe e.U.","og_description":"Erreichen Sie Ihre Ziele mit professionellem Coaching! Entdecken Sie individuelle L\u00f6sungen f\u00fcr pers\u00f6nliche Weiterentwicklung, Karriere, F\u00fchrung oder Lebensbalance. Jetzt informieren!","og_url":"https:\/\/www.cofe.at\/index.php\/coaching\/","og_site_name":"CoFe e.U.","article_modified_time":"2024-12-09T07:45:11+00:00","og_image":[{"url":"https:\/\/www.cofe.at\/wp-content\/uploads\/Coac-Stan-39d7cf.svg","type":"","width":"","height":""}],"twitter_card":"summary_large_image","twitter_misc":{"Gesch\u00e4tzte Lesezeit":"2 Minuten"},"schema":{"@context":"https:\/\/schema.org","@graph":[{"@type":"WebPage","@id":"https:\/\/www.cofe.at\/index.php\/coaching\/","url":"https:\/\/www.cofe.at\/index.php\/coaching\/","name":"Coaching - CoFe e.U.","isPartOf":{"@id":"https:\/\/www.cofe.at\/#website"},"primaryImageOfPage":{"@id":"https:\/\/www.cofe.at\/index.php\/coaching\/#primaryimage"},"image":{"@id":"https:\/\/www.cofe.at\/index.php\/coaching\/#primaryimage"},"thumbnailUrl":"https:\/\/www.cofe.at\/wp-content\/uploads\/Coac-Stan-39d7cf.svg","datePublished":"2024-11-20T17:57:25+00:00","dateModified":"2024-12-09T07:45:11+00:00","description":"Erreichen Sie Ihre Ziele mit professionellem Coaching! Entdecken Sie individuelle L\u00f6sungen f\u00fcr pers\u00f6nliche Weiterentwicklung, Karriere, F\u00fchrung oder Lebensbalance. Jetzt informieren!","breadcrumb":{"@id":"https:\/\/www.cofe.at\/index.php\/coaching\/#breadcrumb"},"inLanguage":"de-AT","potentialAction":[{"@type":"ReadAction","target":["https:\/\/www.cofe.at\/index.php\/coaching\/"]}]},{"@type":"ImageObject","inLanguage":"de-AT","@id":"https:\/\/www.cofe.at\/index.php\/coaching\/#primaryimage","url":"https:\/\/www.cofe.at\/wp-content\/uploads\/Coac-Stan-39d7cf.svg","contentUrl":"https:\/\/www.cofe.at\/wp-content\/uploads\/Coac-Stan-39d7cf.svg","width":800,"height":800,"caption":"Standards"},{"@type":"BreadcrumbList","@id":"https:\/\/www.cofe.at\/index.php\/coaching\/#breadcrumb","itemListElement":[{"@type":"ListItem","position":1,"name":"Startseite","item":"https:\/\/www.cofe.at\/"},{"@type":"ListItem","position":2,"name":"Coaching"}]},{"@type":"WebSite","@id":"https:\/\/www.cofe.at\/#website","url":"https:\/\/www.cofe.at\/","name":"CoFe e.U.","description":"Consulting - Coaching - Computing","publisher":{"@id":"https:\/\/www.cofe.at\/#organization"},"potentialAction":[{"@type":"SearchAction","target":{"@type":"EntryPoint","urlTemplate":"https:\/\/www.cofe.at\/?s={search_term_string}"},"query-input":{"@type":"PropertyValueSpecification","valueRequired":true,"valueName":"search_term_string"}}],"inLanguage":"de-AT"},{"@type":"Organization","@id":"https:\/\/www.cofe.at\/#organization","name":"CoFe e.U.","url":"https:\/\/www.cofe.at\/","logo":{"@type":"ImageObject","inLanguage":"de-AT","@id":"https:\/\/www.cofe.at\/#\/schema\/logo\/image\/","url":"https:\/\/www.cofe.at\/wp-content\/uploads\/2024\/11\/CoFe_Logo_ohneText_blau-bbfff2.svg","contentUrl":"https:\/\/www.cofe.at\/wp-content\/uploads\/2024\/11\/CoFe_Logo_ohneText_blau-bbfff2.svg","width":100,"height":100,"caption":"CoFe e.U."},"image":{"@id":"https:\/\/www.cofe.at\/#\/schema\/logo\/image\/"},"sameAs":["https:\/\/www.xing.com\/pages\/cofe-e-u","https:\/\/www.linkedin.com\/company\/103912604"]}]}},"_links":{"self":[{"href":"https:\/\/www.cofe.at\/index.php\/wp-json\/wp\/v2\/pages\/175","targetHints":{"allow":["GET"]}}],"collection":[{"href":"https:\/\/www.cofe.at\/index.php\/wp-json\/wp\/v2\/pages"}],"about":[{"href":"https:\/\/www.cofe.at\/index.php\/wp-json\/wp\/v2\/types\/page"}],"author":[{"embeddable":true,"href":"https:\/\/www.cofe.at\/index.php\/wp-json\/wp\/v2\/users\/1"}],"replies":[{"embeddable":true,"href":"https:\/\/www.cofe.at\/index.php\/wp-json\/wp\/v2\/comments?post=175"}],"version-history":[{"count":40,"href":"https:\/\/www.cofe.at\/index.php\/wp-json\/wp\/v2\/pages\/175\/revisions"}],"predecessor-version":[{"id":1747,"href":"https:\/\/www.cofe.at\/index.php\/wp-json\/wp\/v2\/pages\/175\/revisions\/1747"}],"wp:attachment":[{"href":"https:\/\/www.cofe.at\/index.php\/wp-json\/wp\/v2\/media?parent=175"}],"curies":[{"name":"wp","href":"https:\/\/api.w.org\/{rel}","templated":true}]}}