{"id":648,"date":"2024-11-26T08:07:54","date_gmt":"2024-11-26T07:07:54","guid":{"rendered":"https:\/\/www.cofe.at\/consulting\/?page_id=648"},"modified":"2024-12-09T08:58:09","modified_gmt":"2024-12-09T07:58:09","slug":"coaching-und-weiterbildung","status":"publish","type":"page","link":"https:\/\/www.cofe.at\/index.php\/coaching\/coaching-und-weiterbildung\/","title":{"rendered":"Coaching und Weiterbildung"},"content":{"rendered":"\t\t<div data-elementor-type=\"wp-page\" data-elementor-id=\"648\" class=\"elementor elementor-648\">\n\t\t\t\t<div class=\"elementor-element elementor-element-aa07e48 e-flex e-con-boxed e-con e-parent\" data-id=\"aa07e48\" data-element_type=\"container\" data-e-type=\"container\">\n\t\t\t\t\t<div class=\"e-con-inner\">\n\t\t<div class=\"elementor-element elementor-element-22d7b8b e-con-full e-flex e-con e-child\" data-id=\"22d7b8b\" data-element_type=\"container\" data-e-type=\"container\">\n\t\t<div class=\"elementor-element elementor-element-1b685ab e-grid e-con-full e-con e-child\" data-id=\"1b685ab\" data-element_type=\"container\" data-e-type=\"container\">\n\t\t\t\t<div class=\"elementor-element elementor-element-d006bdd elementor-view-framed elementor-shape-square elementor-position-block-start elementor-mobile-position-block-start elementor-widget elementor-widget-icon-box\" data-id=\"d006bdd\" data-element_type=\"widget\" data-e-type=\"widget\" data-widget_type=\"icon-box.default\">\n\t\t\t\t<div class=\"elementor-widget-container\">\n\t\t\t\t\t\t\t<div class=\"elementor-icon-box-wrapper\">\n\n\t\t\t\t\t\t<div class=\"elementor-icon-box-icon\">\n\t\t\t\t<a href=\"#tab1\" class=\"elementor-icon\" tabindex=\"-1\" aria-label=\"Individual Coaching\">\n\t\t\t\t<svg xmlns=\"http:\/\/www.w3.org\/2000\/svg\" xmlns:xlink=\"http:\/\/www.w3.org\/1999\/xlink\" fill=\"#000000\" height=\"800px\" width=\"800px\" viewBox=\"0 0 297 297\"><g><path d=\"m89.729,101.161c25.394,0 46.053-20.659 46.053-46.053 0-25.394-20.659-46.053-46.053-46.053-25.394,0-46.053,20.659-46.053,46.053 1.42109e-14,25.394 20.659,46.053 46.053,46.053z\"><\/path><path d=\"m296.788,213.636c-0.241-0.742-1.053-2.498-3.377-2.781l-27.882-3.406c-6.908-0.845-12.785-5.115-15.722-11.422l-11.855-25.466v0.001c-0.989-2.124-2.909-2.353-3.691-2.353-0.78,0.001-2.7,0.23-3.688,2.352l-11.856,25.465c-2.935,6.307-8.812,10.578-15.719,11.423l-27.885,3.406c-2.324,0.284-3.135,2.039-3.377,2.781-0.24,0.742-0.616,2.639 1.097,4.235l20.555,19.146c5.094,4.742 7.338,11.652 6.005,18.483l-5.377,27.569c-0.447,2.299 0.971,3.613 1.602,4.071 0.632,0.458 2.322,1.401 4.368,0.266l24.56-13.634c3.042-1.689 6.379-2.533 9.715-2.533 3.338,0 6.675,0.844 9.718,2.533l24.56,13.634c2.049,1.137 3.735,0.193 4.367-0.266 0.631-0.458 2.051-1.772 1.602-4.071l-5.377-27.571c-1.332-6.831 0.913-13.741 6.005-18.482l20.557-19.144c1.712-1.596 1.337-3.494 1.095-4.236z\"><\/path><path d=\"m156.567,208.708c2.433-7.488 8.798-12.732 16.612-13.685l6.262-.765v-32.258c0-17.525-11.262-33.065-27.916-38.521l-.077-.025-24.359-4.033c-2.073-0.638-4.288,0.46-5.034,2.505l-27.638,75.834c-1.595,4.375-7.782,4.375-9.376,0l-27.639-75.834c-0.602-1.652-2.161-2.687-3.831-2.687-0.396,0-25.561,4.21-25.561,4.21-16.791,5.594-28.01,21.159-28.01,38.761v63.1c0,9.456 7.666,17.122 17.122,17.122h145.198c3.739,0 7.193-1.201 10.006-3.237l-10.362-9.651c-5.762-5.366-7.83-13.35-5.397-20.836z\"><\/path><path d=\"m99.719,117.565c-1.057-1.151-2.601-1.73-4.163-1.73h-11.654c-1.563,0-3.107,0.579-4.163,1.73-1.636,1.782-1.873,4.356-0.712,6.368l6.229,9.391-2.916,24.601 5.743,15.277c0.56,1.536 2.733,1.536 3.293,0l5.743-15.277-2.916-24.601 6.229-9.391c1.16-2.011 0.923-4.585-0.713-6.368z\"><\/path><\/g><\/svg>\t\t\t\t<\/a>\n\t\t\t<\/div>\n\t\t\t\n\t\t\t\t\t\t<div class=\"elementor-icon-box-content\">\n\n\t\t\t\t\t\t\t\t\t<p class=\"elementor-icon-box-title\">\n\t\t\t\t\t\t<a href=\"#tab1\" >\n\t\t\t\t\t\t\tIndividual Coaching\t\t\t\t\t\t<\/a>\n\t\t\t\t\t<\/p>\n\t\t\t\t\n\t\t\t\t\n\t\t\t<\/div>\n\t\t\t\n\t\t<\/div>\n\t\t\t\t\t\t<\/div>\n\t\t\t\t<\/div>\n\t\t\t\t<\/div>\n\t\t\t\t<\/div>\n\t\t<div class=\"elementor-element elementor-element-ada5d44 e-con-full e-flex e-con e-child\" data-id=\"ada5d44\" data-element_type=\"container\" data-e-type=\"container\">\n\t\t\t\t<div class=\"elementor-element elementor-element-e5e29c0 elementor-widget elementor-widget-video\" data-id=\"e5e29c0\" data-element_type=\"widget\" data-e-type=\"widget\" data-settings=\"{&quot;video_type&quot;:&quot;hosted&quot;,&quot;autoplay&quot;:&quot;yes&quot;,&quot;play_on_mobile&quot;:&quot;yes&quot;,&quot;mute&quot;:&quot;yes&quot;}\" data-widget_type=\"video.default\">\n\t\t\t\t<div class=\"elementor-widget-container\">\n\t\t\t\t\t\t\t<div class=\"e-hosted-video elementor-wrapper elementor-open-inline\">\n\t\t\t\t\t<video class=\"elementor-video\" src=\"https:\/\/www.cofe.at\/wp-content\/uploads\/2024\/11\/KSR30525_2.mp4\" autoplay=\"\" muted=\"muted\" playsinline=\"\" controlsList=\"nodownload\"><\/video>\n\t\t\t\t<\/div>\n\t\t\t\t\t\t<\/div>\n\t\t\t\t<\/div>\n\t\t\t\t<div class=\"elementor-element elementor-element-b358e82 elementor-widget elementor-widget-eael-adv-tabs\" data-id=\"b358e82\" data-element_type=\"widget\" data-e-type=\"widget\" data-widget_type=\"eael-adv-tabs.default\">\n\t\t\t\t<div class=\"elementor-widget-container\">\n\t\t\t\t\t        <div data-scroll-on-click=\"no\" data-scroll-speed=\"300\" id=\"eael-advance-tabs-b358e82\" class=\"eael-advance-tabs eael-tabs-vertical eael-tab-auto-active  active-caret-on\" data-tabid=\"b358e82\" data-custom-id-offset=\"1000\">\n            <div class=\"eael-tabs-nav \">\n                <ul class=\"eael-tab-inline-icon\" role=\"tablist\">\n                                            <li id=\"tab1\" class=\"inactive eael-tab-item-trigger eael-tab-nav-item\" aria-selected=\"true\" data-tab=\"1\" role=\"tab\" tabindex=\"0\" aria-controls=\"tab1-tab\" aria-expanded=\"false\">\n                            \n                                                                <svg class=\"e-font-icon-svg e-fas-home\" viewBox=\"0 0 576 512\" xmlns=\"http:\/\/www.w3.org\/2000\/svg\"><path d=\"M280.37 148.26L96 300.11V464a16 16 0 0 0 16 16l112.06-.29a16 16 0 0 0 15.92-16V368a16 16 0 0 1 16-16h64a16 16 0 0 1 16 16v95.64a16 16 0 0 0 16 16.05L464 480a16 16 0 0 0 16-16V300L295.67 148.26a12.19 12.19 0 0 0-15.3 0zM571.6 251.47L488 182.56V44.05a12 12 0 0 0-12-12h-56a12 12 0 0 0-12 12v72.61L318.47 43a48 48 0 0 0-61 0L4.34 251.47a12 12 0 0 0-1.6 16.9l25.5 31A12 12 0 0 0 45.15 301l235.22-193.74a12.19 12.19 0 0 1 15.3 0L530.9 301a12 12 0 0 0 16.9-1.6l25.5-31a12 12 0 0 0-1.7-16.93z\"><\/path><\/svg>                                                            \n                                                            <span class=\"eael-tab-title title-after-icon\" >Individual Coaching<\/span>                            \n                                                    <\/li>\n                    \n                                  <\/ul>\n            <\/div>\n            \n            <div class=\"eael-tabs-content\">\n\t\t        \n                    <div id=\"tab1-tab\" class=\"clearfix eael-tab-content-item inactive\" data-title-link=\"tab1-tab\">\n\t\t\t\t        <h3>Individual Coaching<\/h3><p><span>Unser individuelles Coaching f\u00fcr Fach- und F\u00fchrungskr\u00e4fte in der Industrie ist darauf ausgerichtet, Ihre pers\u00f6nlichen St\u00e4rken zu entfalten und gezielt auf Ihre beruflichen Ziele hinzuarbeiten.\u00a0<\/span><\/p><p>Wir bieten Ihnen:<\/p><ul><li><strong>Ma\u00dfgeschneiderte L\u00f6sungen:<\/strong> <span>Jede Herausforderung ist anders, deshalb werden die L\u00f6sungen auf Ihre Bed\u00fcrfnisse und Ziele zugeschnitten.<\/span><\/li><li><strong>Praktische Ans\u00e4tze:<\/strong><span>\u00a0<\/span>Die Verbindung von Theorie mit direkt anwendbaren Strategien k\u00f6nnen unmittelbar umgesetzt werden.<\/li><li><strong>Erfahrung und Expertise:<\/strong><span>\u00a0<\/span>Wir kennen die Branche und haben Erfahrung mit der Dynamik.<\/li><\/ul><p><span>Gemeinsam machen wir Sie fit f\u00fcr die Herausforderungen der Industrie 4.0!<\/span><\/p>                    <\/div>\n\t\t                    <\/div>\n        <\/div>\n\t\t\t\t<\/div>\n\t\t\t\t<\/div>\n\t\t\t\t<\/div>\n\t\t\t\t\t<\/div>\n\t\t\t\t<\/div>\n\t\t\t\t<\/div>\n\t\t","protected":false},"excerpt":{"rendered":"<p>Individual Coaching https:\/\/www.cofe.at\/wp-content\/uploads\/2024\/11\/KSR30525_2.mp4 Individual Coaching Individual Coaching Unser individuelles Coaching f\u00fcr Fach- und F\u00fchrungskr\u00e4fte in der Industrie ist darauf ausgerichtet, Ihre pers\u00f6nlichen St\u00e4rken zu entfalten und gezielt auf Ihre beruflichen Ziele hinzuarbeiten.\u00a0 Wir bieten Ihnen: Ma\u00dfgeschneiderte L\u00f6sungen: Jede Herausforderung ist anders, deshalb werden die L\u00f6sungen auf Ihre Bed\u00fcrfnisse und Ziele zugeschnitten. Praktische Ans\u00e4tze:\u00a0Die Verbindung von [&hellip;]<\/p>\n","protected":false},"author":1,"featured_media":0,"parent":175,"menu_order":0,"comment_status":"closed","ping_status":"closed","template":"","meta":{"_eb_attr":"","_themeisle_gutenberg_block_has_review":false,"footnotes":""},"class_list":["post-648","page","type-page","status-publish","hentry"],"yoast_head":"<!-- This site is optimized with the Yoast SEO plugin v27.6 - https:\/\/yoast.com\/product\/yoast-seo-wordpress\/ -->\n<title>Coaching und Weiterbildung - CoFe e.U.<\/title>\n<meta name=\"description\" content=\"Individuelles Coaching und praxisnahe Weiterbildung f\u00fcr Ihren Erfolg! Entfalten Sie Ihr Potenzial, entwickeln Sie neue Kompetenzen und meistern Sie jede Herausforderung. Jetzt mehr erfahren!\" \/>\n<meta name=\"robots\" content=\"index, follow, max-snippet:-1, max-image-preview:large, max-video-preview:-1\" \/>\n<link rel=\"canonical\" href=\"https:\/\/www.cofe.at\/index.php\/coaching\/coaching-und-weiterbildung\/\" \/>\n<meta property=\"og:locale\" content=\"de_DE\" \/>\n<meta property=\"og:type\" content=\"article\" \/>\n<meta property=\"og:title\" content=\"Coaching und Weiterbildung - CoFe e.U.\" \/>\n<meta property=\"og:description\" content=\"Individuelles Coaching und praxisnahe Weiterbildung f\u00fcr Ihren Erfolg! Entfalten Sie Ihr Potenzial, entwickeln Sie neue Kompetenzen und meistern Sie jede Herausforderung. Jetzt mehr erfahren!\" \/>\n<meta property=\"og:url\" content=\"https:\/\/www.cofe.at\/index.php\/coaching\/coaching-und-weiterbildung\/\" \/>\n<meta property=\"og:site_name\" content=\"CoFe e.U.\" \/>\n<meta property=\"article:modified_time\" content=\"2024-12-09T07:58:09+00:00\" \/>\n<meta name=\"twitter:card\" content=\"summary_large_image\" \/>\n<script type=\"application\/ld+json\" class=\"yoast-schema-graph\">{\"@context\":\"https:\\\/\\\/schema.org\",\"@graph\":[{\"@type\":\"WebPage\",\"@id\":\"https:\\\/\\\/www.cofe.at\\\/index.php\\\/coaching\\\/coaching-und-weiterbildung\\\/\",\"url\":\"https:\\\/\\\/www.cofe.at\\\/index.php\\\/coaching\\\/coaching-und-weiterbildung\\\/\",\"name\":\"Coaching und Weiterbildung - CoFe e.U.\",\"isPartOf\":{\"@id\":\"https:\\\/\\\/www.cofe.at\\\/#website\"},\"datePublished\":\"2024-11-26T07:07:54+00:00\",\"dateModified\":\"2024-12-09T07:58:09+00:00\",\"description\":\"Individuelles Coaching und praxisnahe Weiterbildung f\u00fcr Ihren Erfolg! Entfalten Sie Ihr Potenzial, entwickeln Sie neue Kompetenzen und meistern Sie jede Herausforderung. Jetzt mehr erfahren!\",\"breadcrumb\":{\"@id\":\"https:\\\/\\\/www.cofe.at\\\/index.php\\\/coaching\\\/coaching-und-weiterbildung\\\/#breadcrumb\"},\"inLanguage\":\"de-AT\",\"potentialAction\":[{\"@type\":\"ReadAction\",\"target\":[\"https:\\\/\\\/www.cofe.at\\\/index.php\\\/coaching\\\/coaching-und-weiterbildung\\\/\"]}]},{\"@type\":\"BreadcrumbList\",\"@id\":\"https:\\\/\\\/www.cofe.at\\\/index.php\\\/coaching\\\/coaching-und-weiterbildung\\\/#breadcrumb\",\"itemListElement\":[{\"@type\":\"ListItem\",\"position\":1,\"name\":\"Startseite\",\"item\":\"https:\\\/\\\/www.cofe.at\\\/\"},{\"@type\":\"ListItem\",\"position\":2,\"name\":\"Coaching\",\"item\":\"https:\\\/\\\/www.cofe.at\\\/index.php\\\/coaching\\\/\"},{\"@type\":\"ListItem\",\"position\":3,\"name\":\"Coaching und Weiterbildung\"}]},{\"@type\":\"WebSite\",\"@id\":\"https:\\\/\\\/www.cofe.at\\\/#website\",\"url\":\"https:\\\/\\\/www.cofe.at\\\/\",\"name\":\"CoFe e.U.\",\"description\":\"Consulting - Coaching - Computing\",\"publisher\":{\"@id\":\"https:\\\/\\\/www.cofe.at\\\/#organization\"},\"potentialAction\":[{\"@type\":\"SearchAction\",\"target\":{\"@type\":\"EntryPoint\",\"urlTemplate\":\"https:\\\/\\\/www.cofe.at\\\/?s={search_term_string}\"},\"query-input\":{\"@type\":\"PropertyValueSpecification\",\"valueRequired\":true,\"valueName\":\"search_term_string\"}}],\"inLanguage\":\"de-AT\"},{\"@type\":\"Organization\",\"@id\":\"https:\\\/\\\/www.cofe.at\\\/#organization\",\"name\":\"CoFe e.U.\",\"url\":\"https:\\\/\\\/www.cofe.at\\\/\",\"logo\":{\"@type\":\"ImageObject\",\"inLanguage\":\"de-AT\",\"@id\":\"https:\\\/\\\/www.cofe.at\\\/#\\\/schema\\\/logo\\\/image\\\/\",\"url\":\"https:\\\/\\\/www.cofe.at\\\/wp-content\\\/uploads\\\/2024\\\/11\\\/CoFe_Logo_ohneText_blau-bbfff2.svg\",\"contentUrl\":\"https:\\\/\\\/www.cofe.at\\\/wp-content\\\/uploads\\\/2024\\\/11\\\/CoFe_Logo_ohneText_blau-bbfff2.svg\",\"width\":100,\"height\":100,\"caption\":\"CoFe e.U.\"},\"image\":{\"@id\":\"https:\\\/\\\/www.cofe.at\\\/#\\\/schema\\\/logo\\\/image\\\/\"},\"sameAs\":[\"https:\\\/\\\/www.xing.com\\\/pages\\\/cofe-e-u\",\"https:\\\/\\\/www.linkedin.com\\\/company\\\/103912604\"]}]}<\/script>\n<!-- \/ Yoast SEO plugin. -->","yoast_head_json":{"title":"Coaching und Weiterbildung - CoFe e.U.","description":"Individuelles Coaching und praxisnahe Weiterbildung f\u00fcr Ihren Erfolg! Entfalten Sie Ihr Potenzial, entwickeln Sie neue Kompetenzen und meistern Sie jede Herausforderung. Jetzt mehr erfahren!","robots":{"index":"index","follow":"follow","max-snippet":"max-snippet:-1","max-image-preview":"max-image-preview:large","max-video-preview":"max-video-preview:-1"},"canonical":"https:\/\/www.cofe.at\/index.php\/coaching\/coaching-und-weiterbildung\/","og_locale":"de_DE","og_type":"article","og_title":"Coaching und Weiterbildung - CoFe e.U.","og_description":"Individuelles Coaching und praxisnahe Weiterbildung f\u00fcr Ihren Erfolg! Entfalten Sie Ihr Potenzial, entwickeln Sie neue Kompetenzen und meistern Sie jede Herausforderung. Jetzt mehr erfahren!","og_url":"https:\/\/www.cofe.at\/index.php\/coaching\/coaching-und-weiterbildung\/","og_site_name":"CoFe e.U.","article_modified_time":"2024-12-09T07:58:09+00:00","twitter_card":"summary_large_image","schema":{"@context":"https:\/\/schema.org","@graph":[{"@type":"WebPage","@id":"https:\/\/www.cofe.at\/index.php\/coaching\/coaching-und-weiterbildung\/","url":"https:\/\/www.cofe.at\/index.php\/coaching\/coaching-und-weiterbildung\/","name":"Coaching und Weiterbildung - CoFe e.U.","isPartOf":{"@id":"https:\/\/www.cofe.at\/#website"},"datePublished":"2024-11-26T07:07:54+00:00","dateModified":"2024-12-09T07:58:09+00:00","description":"Individuelles Coaching und praxisnahe Weiterbildung f\u00fcr Ihren Erfolg! Entfalten Sie Ihr Potenzial, entwickeln Sie neue Kompetenzen und meistern Sie jede Herausforderung. Jetzt mehr erfahren!","breadcrumb":{"@id":"https:\/\/www.cofe.at\/index.php\/coaching\/coaching-und-weiterbildung\/#breadcrumb"},"inLanguage":"de-AT","potentialAction":[{"@type":"ReadAction","target":["https:\/\/www.cofe.at\/index.php\/coaching\/coaching-und-weiterbildung\/"]}]},{"@type":"BreadcrumbList","@id":"https:\/\/www.cofe.at\/index.php\/coaching\/coaching-und-weiterbildung\/#breadcrumb","itemListElement":[{"@type":"ListItem","position":1,"name":"Startseite","item":"https:\/\/www.cofe.at\/"},{"@type":"ListItem","position":2,"name":"Coaching","item":"https:\/\/www.cofe.at\/index.php\/coaching\/"},{"@type":"ListItem","position":3,"name":"Coaching und Weiterbildung"}]},{"@type":"WebSite","@id":"https:\/\/www.cofe.at\/#website","url":"https:\/\/www.cofe.at\/","name":"CoFe e.U.","description":"Consulting - Coaching - Computing","publisher":{"@id":"https:\/\/www.cofe.at\/#organization"},"potentialAction":[{"@type":"SearchAction","target":{"@type":"EntryPoint","urlTemplate":"https:\/\/www.cofe.at\/?s={search_term_string}"},"query-input":{"@type":"PropertyValueSpecification","valueRequired":true,"valueName":"search_term_string"}}],"inLanguage":"de-AT"},{"@type":"Organization","@id":"https:\/\/www.cofe.at\/#organization","name":"CoFe e.U.","url":"https:\/\/www.cofe.at\/","logo":{"@type":"ImageObject","inLanguage":"de-AT","@id":"https:\/\/www.cofe.at\/#\/schema\/logo\/image\/","url":"https:\/\/www.cofe.at\/wp-content\/uploads\/2024\/11\/CoFe_Logo_ohneText_blau-bbfff2.svg","contentUrl":"https:\/\/www.cofe.at\/wp-content\/uploads\/2024\/11\/CoFe_Logo_ohneText_blau-bbfff2.svg","width":100,"height":100,"caption":"CoFe e.U."},"image":{"@id":"https:\/\/www.cofe.at\/#\/schema\/logo\/image\/"},"sameAs":["https:\/\/www.xing.com\/pages\/cofe-e-u","https:\/\/www.linkedin.com\/company\/103912604"]}]}},"_links":{"self":[{"href":"https:\/\/www.cofe.at\/index.php\/wp-json\/wp\/v2\/pages\/648","targetHints":{"allow":["GET"]}}],"collection":[{"href":"https:\/\/www.cofe.at\/index.php\/wp-json\/wp\/v2\/pages"}],"about":[{"href":"https:\/\/www.cofe.at\/index.php\/wp-json\/wp\/v2\/types\/page"}],"author":[{"embeddable":true,"href":"https:\/\/www.cofe.at\/index.php\/wp-json\/wp\/v2\/users\/1"}],"replies":[{"embeddable":true,"href":"https:\/\/www.cofe.at\/index.php\/wp-json\/wp\/v2\/comments?post=648"}],"version-history":[{"count":35,"href":"https:\/\/www.cofe.at\/index.php\/wp-json\/wp\/v2\/pages\/648\/revisions"}],"predecessor-version":[{"id":1756,"href":"https:\/\/www.cofe.at\/index.php\/wp-json\/wp\/v2\/pages\/648\/revisions\/1756"}],"up":[{"embeddable":true,"href":"https:\/\/www.cofe.at\/index.php\/wp-json\/wp\/v2\/pages\/175"}],"wp:attachment":[{"href":"https:\/\/www.cofe.at\/index.php\/wp-json\/wp\/v2\/media?parent=648"}],"curies":[{"name":"wp","href":"https:\/\/api.w.org\/{rel}","templated":true}]}}