{"id":667,"date":"2024-11-26T08:25:39","date_gmt":"2024-11-26T07:25:39","guid":{"rendered":"https:\/\/www.cofe.at\/consulting\/?page_id=667"},"modified":"2024-12-03T11:58:43","modified_gmt":"2024-12-03T10:58:43","slug":"produktentwicklung-und-zertifizierung","status":"publish","type":"page","link":"https:\/\/www.cofe.at\/index.php\/servicedienstleistungen\/produktentwicklung-und-zertifizierung\/","title":{"rendered":"Produktentwicklung und Zertifizierung"},"content":{"rendered":"\t\t<div data-elementor-type=\"wp-page\" data-elementor-id=\"667\" class=\"elementor elementor-667\">\n\t\t\t\t<div class=\"elementor-element elementor-element-aa07e48 e-flex e-con-boxed e-con e-parent\" data-id=\"aa07e48\" data-element_type=\"container\" data-e-type=\"container\">\n\t\t\t\t\t<div class=\"e-con-inner\">\n\t\t<div class=\"elementor-element elementor-element-22d7b8b e-con-full e-flex e-con e-child\" data-id=\"22d7b8b\" data-element_type=\"container\" data-e-type=\"container\">\n\t\t<div class=\"elementor-element elementor-element-1b685ab e-grid e-con-full e-con e-child\" data-id=\"1b685ab\" data-element_type=\"container\" data-e-type=\"container\">\n\t\t\t\t<div class=\"elementor-element elementor-element-3773445 elementor-view-framed elementor-shape-square elementor-position-block-start elementor-mobile-position-block-start elementor-widget elementor-widget-icon-box\" data-id=\"3773445\" data-element_type=\"widget\" data-e-type=\"widget\" data-widget_type=\"icon-box.default\">\n\t\t\t\t<div class=\"elementor-widget-container\">\n\t\t\t\t\t\t\t<div class=\"elementor-icon-box-wrapper\">\n\n\t\t\t\t\t\t<div class=\"elementor-icon-box-icon\">\n\t\t\t\t<a href=\"#tab1\" class=\"elementor-icon\" tabindex=\"-1\" aria-label=\"VA\/VE\">\n\t\t\t\t<svg xmlns=\"http:\/\/www.w3.org\/2000\/svg\" xmlns:xlink=\"http:\/\/www.w3.org\/1999\/xlink\" fill=\"#000000\" id=\"Layer_1\" viewBox=\"0 0 498.92 498.92\" xml:space=\"preserve\"><g>\t<g>\t\t<g>\t\t\t<path d=\"M73.46,256c13.232,0,24-10.768,24-24c0-6.52-2.632-12.432-6.872-16.76l32.784-72.12c1.96,0.52,3.976,0.88,6.088,0.88     c4.016,0,7.744-1.08,11.072-2.832l45.328,38.856c-0.216,1.296-0.4,2.616-0.4,3.976c0,13.232,10.768,24,24,24s24-10.768,24-24     c0-3.912-1.032-7.56-2.696-10.824l56.96-63.288c2.984,1.336,6.264,2.112,9.736,2.112c13.232,0,24-10.768,24-24s-10.768-24-24-24     s-24,10.768-24,24c0,3.912,1.032,7.552,2.696,10.824l-56.96,63.288c-2.976-1.336-6.264-2.112-9.736-2.112     c-5.952,0-11.336,2.256-15.536,5.864l-42.432-36.376c1.256-2.912,1.968-6.112,1.968-9.488c0-13.232-10.768-24-24-24     s-24,10.768-24,24c0,5.2,1.704,9.984,4.52,13.92l-33.8,74.36c-0.904-0.112-1.784-0.28-2.72-0.28c-13.232,0-24,10.768-24,24     S60.228,256,73.46,256z M297.46,80c4.408,0,8,3.584,8,8s-3.592,8-8,8c-4.408,0-8-3.584-8-8S293.052,80,297.46,80z M209.46,176     c4.408,0,8,3.584,8,8s-3.592,8-8,8s-8-3.584-8-8S205.052,176,209.46,176z M129.46,112c4.408,0,8,3.584,8,8s-3.592,8-8,8     s-8-3.584-8-8S125.052,112,129.46,112z M73.46,224c4.408,0,8,3.584,8,8s-3.592,8-8,8s-8-3.584-8-8S69.052,224,73.46,224z\"><\/path>\t\t\t<rect x=\"305.46\" y=\"240\" width=\"16\" height=\"16\"><\/rect>\t\t\t<rect x=\"225.46\" y=\"240\" width=\"64\" height=\"16\"><\/rect>\t\t\t<path d=\"M235.676,336l-6.4-16H369.46v-48h-16V48h16V0h-368v48h16v224h-16v48h140.28L74.012,493.088l14.896,5.832L158.916,320     h18.544v176h16V320h18.584l13.416,33.544V496h272V336H235.676z M17.46,16h336v16h-336V16z M337.46,48v224h-304V48H337.46z      M17.46,304v-16h336v16H17.46z M433.46,352h16v32h-16V352z M385.46,480h-144V352h144V480z M481.46,480h-80V352h16v48h48v-48h16     V480z\"><\/path>\t\t\t<rect x=\"353.46\" y=\"448\" width=\"16\" height=\"16\"><\/rect>\t\t\t<rect x=\"321.46\" y=\"448\" width=\"16\" height=\"16\"><\/rect>\t\t\t<rect x=\"353.46\" y=\"416\" width=\"16\" height=\"16\"><\/rect>\t\t<\/g>\t<\/g><\/g><\/svg>\t\t\t\t<\/a>\n\t\t\t<\/div>\n\t\t\t\n\t\t\t\t\t\t<div class=\"elementor-icon-box-content\">\n\n\t\t\t\t\t\t\t\t\t<p class=\"elementor-icon-box-title\">\n\t\t\t\t\t\t<a href=\"#tab1\" >\n\t\t\t\t\t\t\tVA\/VE\t\t\t\t\t\t<\/a>\n\t\t\t\t\t<\/p>\n\t\t\t\t\n\t\t\t\t\n\t\t\t<\/div>\n\t\t\t\n\t\t<\/div>\n\t\t\t\t\t\t<\/div>\n\t\t\t\t<\/div>\n\t\t\t\t<div class=\"elementor-element elementor-element-e0b6e96 elementor-view-framed elementor-shape-square elementor-position-block-start elementor-mobile-position-block-start elementor-widget elementor-widget-icon-box\" data-id=\"e0b6e96\" data-element_type=\"widget\" data-e-type=\"widget\" data-widget_type=\"icon-box.default\">\n\t\t\t\t<div class=\"elementor-widget-container\">\n\t\t\t\t\t\t\t<div class=\"elementor-icon-box-wrapper\">\n\n\t\t\t\t\t\t<div class=\"elementor-icon-box-icon\">\n\t\t\t\t<a href=\"#tab2\" class=\"elementor-icon\" tabindex=\"-1\" aria-label=\"Produkt-zertifizierung\">\n\t\t\t\t<svg xmlns=\"http:\/\/www.w3.org\/2000\/svg\" xmlns:xlink=\"http:\/\/www.w3.org\/1999\/xlink\" fill=\"#000000\" height=\"800px\" width=\"800px\" id=\"Capa_1\" viewBox=\"0 0 490.652 490.652\" xml:space=\"preserve\"><g>\t<path d=\"M456.607,9.904H34.04C15.269,9.904,0,25.17,0,43.945V310.17c0,18.77,15.269,34.039,34.04,34.039h260.642   c-4.043-10.35-6.534-21.737-7.159-33.742L33.549,310.17L34.04,43.452l423.063,0.493V310.17c0,0.279-0.23,0.492-0.495,0.492   l-15.251-0.019c-0.637,11.942-3.111,23.263-7.138,33.565h22.389c18.777,0,34.045-15.27,34.045-34.039V43.945   C490.652,25.17,475.385,9.904,456.607,9.904z\"><\/path>\t<path d=\"M364.447,381.02c33.354,0,60.386-34.152,60.386-76.289c0-42.131-27.031-76.284-60.386-76.284   c-33.35,0-60.38,34.153-60.38,76.284C304.067,346.868,331.098,381.02,364.447,381.02z\"><\/path>\t<path d=\"M81.087,118.345h149.561c9.273,0,16.776-7.499,16.776-16.772c0-9.271-7.504-16.775-16.776-16.775H81.087   c-9.271,0-16.771,7.504-16.771,16.775C64.316,110.846,71.815,118.345,81.087,118.345z\"><\/path>\t<path d=\"M415.167,177.061c0-9.273-7.505-16.779-16.776-16.779H81.087c-9.271,0-16.771,7.506-16.771,16.779   c0,9.271,7.499,16.77,16.771,16.77h317.304C407.662,193.831,415.167,186.333,415.167,177.061z\"><\/path>\t<path d=\"M81.087,235.768c-9.271,0-16.771,7.504-16.771,16.771c0,9.273,7.499,16.777,16.771,16.777h149.561   c9.273,0,16.776-7.504,16.776-16.777c0-9.268-7.504-16.771-16.776-16.771H81.087z\"><\/path>\t<path d=\"M415.425,374.452c-0.065,0.082-23.295,26.869-55.728,23.081l40.331,81.577c0.491,1.012,1.526,1.639,2.637,1.639   c0.069,0,0.134,0,0.215,0c1.182-0.096,2.194-0.883,2.571-2.031l10.174-31.234c0.242-0.74,0.787-1.367,1.488-1.728   c0.409-0.194,0.867-0.29,1.294-0.29c0.328,0,0.657,0.047,0.986,0.16l30.977,10.88c0.324,0.112,0.651,0.163,0.98,0.163   c0.836,0,1.623-0.348,2.195-0.982c0.803-0.9,0.964-2.18,0.441-3.244L415.425,374.452z\"><\/path>\t<path d=\"M313.653,374.598c-0.049-0.047-0.118-0.096-0.185-0.146l-38.561,77.973c-0.522,1.082-0.355,2.361,0.448,3.262   c0.571,0.635,1.373,0.982,2.21,0.982c0.329,0,0.651-0.051,0.964-0.163l30.978-10.88c0.328-0.113,0.658-0.16,0.982-0.16   c0.442,0,0.884,0.096,1.294,0.29c0.706,0.36,1.245,0.987,1.493,1.741l10.173,31.221c0.378,1.133,1.391,1.936,2.572,2.014   c0.064,0,0.145,0,0.21,0c1.116,0,2.145-0.625,2.642-1.621l26.206-53.01l-16.755-33.893   C338.258,392.174,323.652,386.324,313.653,374.598z\"><\/path><\/g><\/svg>\t\t\t\t<\/a>\n\t\t\t<\/div>\n\t\t\t\n\t\t\t\t\t\t<div class=\"elementor-icon-box-content\">\n\n\t\t\t\t\t\t\t\t\t<p class=\"elementor-icon-box-title\">\n\t\t\t\t\t\t<a href=\"#tab2\" >\n\t\t\t\t\t\t\tProdukt-zertifizierung\t\t\t\t\t\t<\/a>\n\t\t\t\t\t<\/p>\n\t\t\t\t\n\t\t\t\t\n\t\t\t<\/div>\n\t\t\t\n\t\t<\/div>\n\t\t\t\t\t\t<\/div>\n\t\t\t\t<\/div>\n\t\t\t\t<\/div>\n\t\t\t\t<\/div>\n\t\t<div class=\"elementor-element elementor-element-ada5d44 e-con-full e-flex e-con e-child\" data-id=\"ada5d44\" data-element_type=\"container\" data-e-type=\"container\">\n\t\t\t\t<div class=\"elementor-element elementor-element-b358e82 elementor-widget elementor-widget-eael-adv-tabs\" data-id=\"b358e82\" data-element_type=\"widget\" data-e-type=\"widget\" data-widget_type=\"eael-adv-tabs.default\">\n\t\t\t\t<div class=\"elementor-widget-container\">\n\t\t\t\t\t        <div data-scroll-on-click=\"no\" data-scroll-speed=\"300\" id=\"eael-advance-tabs-b358e82\" class=\"eael-advance-tabs eael-tabs-vertical eael-tab-auto-active  active-caret-on\" data-tabid=\"b358e82\" data-custom-id-offset=\"1000\">\n            <div class=\"eael-tabs-nav \">\n                <ul class=\"eael-tab-inline-icon\" role=\"tablist\">\n                                            <li id=\"tab1\" class=\"inactive eael-tab-item-trigger eael-tab-nav-item\" aria-selected=\"true\" data-tab=\"1\" role=\"tab\" tabindex=\"0\" aria-controls=\"tab1-tab\" aria-expanded=\"false\">\n                            \n                                                                <svg class=\"e-font-icon-svg e-fas-home\" viewBox=\"0 0 576 512\" xmlns=\"http:\/\/www.w3.org\/2000\/svg\"><path d=\"M280.37 148.26L96 300.11V464a16 16 0 0 0 16 16l112.06-.29a16 16 0 0 0 15.92-16V368a16 16 0 0 1 16-16h64a16 16 0 0 1 16 16v95.64a16 16 0 0 0 16 16.05L464 480a16 16 0 0 0 16-16V300L295.67 148.26a12.19 12.19 0 0 0-15.3 0zM571.6 251.47L488 182.56V44.05a12 12 0 0 0-12-12h-56a12 12 0 0 0-12 12v72.61L318.47 43a48 48 0 0 0-61 0L4.34 251.47a12 12 0 0 0-1.6 16.9l25.5 31A12 12 0 0 0 45.15 301l235.22-193.74a12.19 12.19 0 0 1 15.3 0L530.9 301a12 12 0 0 0 16.9-1.6l25.5-31a12 12 0 0 0-1.7-16.93z\"><\/path><\/svg>                                                            \n                                                            <span class=\"eael-tab-title title-after-icon\" >VA\/VE<\/span>                            \n                                                    <\/li>\n                                            <li id=\"tab2\" class=\"inactive eael-tab-item-trigger eael-tab-nav-item\" aria-selected=\"false\" data-tab=\"2\" role=\"tab\" tabindex=\"-1\" aria-controls=\"tab2-tab\" aria-expanded=\"false\">\n                            \n                                                                <svg class=\"e-font-icon-svg e-fas-home\" viewBox=\"0 0 576 512\" xmlns=\"http:\/\/www.w3.org\/2000\/svg\"><path d=\"M280.37 148.26L96 300.11V464a16 16 0 0 0 16 16l112.06-.29a16 16 0 0 0 15.92-16V368a16 16 0 0 1 16-16h64a16 16 0 0 1 16 16v95.64a16 16 0 0 0 16 16.05L464 480a16 16 0 0 0 16-16V300L295.67 148.26a12.19 12.19 0 0 0-15.3 0zM571.6 251.47L488 182.56V44.05a12 12 0 0 0-12-12h-56a12 12 0 0 0-12 12v72.61L318.47 43a48 48 0 0 0-61 0L4.34 251.47a12 12 0 0 0-1.6 16.9l25.5 31A12 12 0 0 0 45.15 301l235.22-193.74a12.19 12.19 0 0 1 15.3 0L530.9 301a12 12 0 0 0 16.9-1.6l25.5-31a12 12 0 0 0-1.7-16.93z\"><\/path><\/svg>                                                            \n                                                            <span class=\"eael-tab-title title-after-icon\" >Produktzertifizierung<\/span>                            \n                                                    <\/li>\n                    \n                                  <\/ul>\n            <\/div>\n            \n            <div class=\"eael-tabs-content\">\n\t\t        \n                    <div id=\"tab1-tab\" class=\"clearfix eael-tab-content-item inactive\" data-title-link=\"tab1-tab\">\n\t\t\t\t        <h3>Value Analysis &amp; Value Engineering (VA\/VE)<\/h3><p><span>Steigern Sie die Effizienz und den Wert Ihrer Produkte und Prozesse mit unserer Expertise im\u00a0<\/span><strong>VA\/VE (Wertanalyse\/Wertsteigerung)<\/strong><span>. VA\/VE ist eine bew\u00e4hrte Methode, um Kosten zu senken, die Produktqualit\u00e4t zu verbessern und gleichzeitig innovative L\u00f6sungen zu entwickeln. <\/span><\/p><p><span>Mit unserem Consulting unterst\u00fctzen wir Sie dabei, Potenziale f\u00fcr\u00a0<\/span><strong>Wertoptimierung<\/strong><span>\u00a0zu erkennen, Ihre <strong>Produktionskosten zu senken<\/strong> und die <strong>Wettbewerbsf\u00e4higkeit<\/strong> Ihres Unternehmens nachhaltig zu steigern.<\/span><\/p><p>Ihre Vorteile dabei sind:<\/p><ul><li><strong>Kostenoptimierung:<\/strong><span>\u00a0<\/span>Senken Sie Ihre Produktions- und Betriebskosten, ohne auf Qualit\u00e4t oder Funktionalit\u00e4t zu verzichten.<\/li><li><strong>Wertsteigerung:<\/strong><span>\u00a0<\/span>Entwickeln Sie innovative L\u00f6sungen, die den Wert Ihrer Produkte und Dienstleistungen erh\u00f6hen.<\/li><li><strong>Effizienzsteigerung:<\/strong><span>\u00a0<\/span>Identifizieren Sie Schwachstellen und verbessern Sie Ihre Prozesse durch zielgerichtete Optimierungen.<\/li><li><strong>Wettbewerbsvorteil:<\/strong><span>\u00a0<\/span>Erreichen Sie eine bessere Marktpositionierung durch kosteneffiziente, qualitativ hochwertige Produkte.<\/li><\/ul><p>Nutzen Sie das <strong>Potenzial<\/strong> der <strong>Wertanalyse\/Wertsteigerung<\/strong> mit unserer <strong>Expertise<\/strong>.<\/p>                    <\/div>\n\t\t        \n                    <div id=\"tab2-tab\" class=\"clearfix eael-tab-content-item inactive\" data-title-link=\"tab2-tab\">\n\t\t\t\t        <h3>Produktzertifizierung<\/h3><p><span>Die Zertifizierung von Produkten ist ein wesentlicher Schritt, um die Qualit\u00e4t, Sicherheit und Konformit\u00e4t mit internationalen Standards sicherzustellen. Sie verschafft Ihnen Vertrauen bei Ihren Kunden und erleichtert den Marktzugang. <\/span><\/p><p><span>Wir unterst\u00fctzen Sie dabei, den gesamten Zertifizierungsprozess effizient und erfolgreich zu durchlaufen \u2013 von der Planung bis zur erfolgreichen Zertifikatsvergabe.\u00a0<\/span><\/p><p>Unser Ansatz hier ist:<\/p><ul><li><strong>Analyse der Zertifizierungsanforderungen:<\/strong><ul><li>Wir beginnen mit einer gr\u00fcndlichen Analyse der f\u00fcr Ihr Produkt relevanten Zertifizierungsanforderungen sowohl auf nationaler als auch auf internationaler Ebene.<\/li><li>Identifikation der spezifischen Normen und Standards, die f\u00fcr die Zertifizierung erforderlich sind (z. B. ISO, CE, UL, FDA, RoHS, REACH).<\/li><\/ul><\/li><li><strong>Beratung bei der Auswahl der richtigen Zertifizierung:<\/strong><ul><li>Wir beraten Sie, welche Zertifizierungen f\u00fcr Ihre Produkte am sinnvollsten sind und wie Sie diese optimal in Ihre Gesch\u00e4ftsstrategie integrieren k\u00f6nnen.<\/li><li>Unterst\u00fctzung bei der Auswahl der richtigen Zertifizierungsstelle und der erforderlichen Pr\u00fcfungen.<\/li><\/ul><\/li><li><strong>Vorbereitung auf den Zertifizierungsprozess:<\/strong><ul><li>Wir begleiten Sie bei der Vorbereitung aller notwendigen Unterlagen und Pr\u00fcfungen, die f\u00fcr die Zertifizierung erforderlich sind.<\/li><li>Sicherstellung, dass Ihre Produkte und Prozesse den geltenden Normen und Richtlinien entsprechen.<\/li><\/ul><\/li><li><strong>Unterst\u00fctzung w\u00e4hrend des Audits und Pr\u00fcfprozesses:<\/strong><ul><li>Begleitung und Unterst\u00fctzung w\u00e4hrend des gesamten Pr\u00fcfungsprozesses durch die Zertifizierungsstelle.<\/li><li>Vorbereitung auf Audits und Tests, um eine reibungslose und erfolgreiche Zertifizierung zu gew\u00e4hrleisten.<\/li><\/ul><\/li><li><strong>Nach der Zertifizierung \u2013 Monitoring und kontinuierliche Compliance:<\/strong><ul><li>Unterst\u00fctzung bei der kontinuierlichen \u00dcberwachung und Nachverfolgung der Zertifizierungsanforderungen, um die langfristige Konformit\u00e4t sicherzustellen.<\/li><li>Beratung zur Wartung und Aktualisierung von Zertifikaten sowie zu regelm\u00e4\u00dfigen Folgeaudits.<\/li><\/ul><\/li><\/ul><p><span>Setzen Sie auf einen <strong>starken Partner<\/strong>, der Sie sicher durch den <strong>Zertifizierungsdschungel<\/strong> f\u00fchrt.<\/span><\/p>                    <\/div>\n\t\t                    <\/div>\n        <\/div>\n\t\t\t\t<\/div>\n\t\t\t\t<\/div>\n\t\t\t\t<\/div>\n\t\t\t\t\t<\/div>\n\t\t\t\t<\/div>\n\t\t\t\t<\/div>\n\t\t","protected":false},"excerpt":{"rendered":"<p>VA\/VE Produkt-zertifizierung VA\/VE Produktzertifizierung Value Analysis &amp; Value Engineering (VA\/VE) Steigern Sie die Effizienz und den Wert Ihrer Produkte und Prozesse mit unserer Expertise im\u00a0VA\/VE (Wertanalyse\/Wertsteigerung). VA\/VE ist eine bew\u00e4hrte Methode, um Kosten zu senken, die Produktqualit\u00e4t zu verbessern und gleichzeitig innovative L\u00f6sungen zu entwickeln. Mit unserem Consulting unterst\u00fctzen wir Sie dabei, Potenziale f\u00fcr\u00a0Wertoptimierung\u00a0zu erkennen, [&hellip;]<\/p>\n","protected":false},"author":1,"featured_media":0,"parent":171,"menu_order":0,"comment_status":"closed","ping_status":"closed","template":"","meta":{"_eb_attr":"","_themeisle_gutenberg_block_has_review":false,"footnotes":""},"class_list":["post-667","page","type-page","status-publish","hentry"],"yoast_head":"<!-- This site is optimized with the Yoast SEO plugin v27.4 - https:\/\/yoast.com\/product\/yoast-seo-wordpress\/ -->\n<title>Produktentwicklung und Zertifizierung - CoFe e.U.<\/title>\n<meta name=\"description\" content=\"Expertenberatung f\u00fcr Produktentwicklung und Zertifizierung! Optimieren Sie Ihre Entwicklungsprozesse und sichern Sie die Qualit\u00e4t Ihrer Produkte mit professionellen Zertifizierungsl\u00f6sungen. Jetzt mehr erfahren!\" \/>\n<meta name=\"robots\" content=\"index, follow, max-snippet:-1, max-image-preview:large, max-video-preview:-1\" \/>\n<link rel=\"canonical\" href=\"https:\/\/www.cofe.at\/index.php\/servicedienstleistungen\/produktentwicklung-und-zertifizierung\/\" \/>\n<meta property=\"og:locale\" content=\"de_DE\" \/>\n<meta property=\"og:type\" content=\"article\" \/>\n<meta property=\"og:title\" content=\"Produktentwicklung und Zertifizierung - CoFe e.U.\" \/>\n<meta property=\"og:description\" content=\"Expertenberatung f\u00fcr Produktentwicklung und Zertifizierung! Optimieren Sie Ihre Entwicklungsprozesse und sichern Sie die Qualit\u00e4t Ihrer Produkte mit professionellen Zertifizierungsl\u00f6sungen. Jetzt mehr erfahren!\" \/>\n<meta property=\"og:url\" content=\"https:\/\/www.cofe.at\/index.php\/servicedienstleistungen\/produktentwicklung-und-zertifizierung\/\" \/>\n<meta property=\"og:site_name\" content=\"CoFe e.U.\" \/>\n<meta property=\"article:modified_time\" content=\"2024-12-03T10:58:43+00:00\" \/>\n<meta name=\"twitter:card\" content=\"summary_large_image\" \/>\n<meta name=\"twitter:label1\" content=\"Gesch\u00e4tzte Lesezeit\" \/>\n\t<meta name=\"twitter:data1\" content=\"3 Minuten\" \/>\n<script type=\"application\/ld+json\" class=\"yoast-schema-graph\">{\"@context\":\"https:\\\/\\\/schema.org\",\"@graph\":[{\"@type\":\"WebPage\",\"@id\":\"https:\\\/\\\/www.cofe.at\\\/index.php\\\/servicedienstleistungen\\\/produktentwicklung-und-zertifizierung\\\/\",\"url\":\"https:\\\/\\\/www.cofe.at\\\/index.php\\\/servicedienstleistungen\\\/produktentwicklung-und-zertifizierung\\\/\",\"name\":\"Produktentwicklung und Zertifizierung - CoFe e.U.\",\"isPartOf\":{\"@id\":\"https:\\\/\\\/www.cofe.at\\\/#website\"},\"datePublished\":\"2024-11-26T07:25:39+00:00\",\"dateModified\":\"2024-12-03T10:58:43+00:00\",\"description\":\"Expertenberatung f\u00fcr Produktentwicklung und Zertifizierung! Optimieren Sie Ihre Entwicklungsprozesse und sichern Sie die Qualit\u00e4t Ihrer Produkte mit professionellen Zertifizierungsl\u00f6sungen. Jetzt mehr erfahren!\",\"breadcrumb\":{\"@id\":\"https:\\\/\\\/www.cofe.at\\\/index.php\\\/servicedienstleistungen\\\/produktentwicklung-und-zertifizierung\\\/#breadcrumb\"},\"inLanguage\":\"de-AT\",\"potentialAction\":[{\"@type\":\"ReadAction\",\"target\":[\"https:\\\/\\\/www.cofe.at\\\/index.php\\\/servicedienstleistungen\\\/produktentwicklung-und-zertifizierung\\\/\"]}]},{\"@type\":\"BreadcrumbList\",\"@id\":\"https:\\\/\\\/www.cofe.at\\\/index.php\\\/servicedienstleistungen\\\/produktentwicklung-und-zertifizierung\\\/#breadcrumb\",\"itemListElement\":[{\"@type\":\"ListItem\",\"position\":1,\"name\":\"Startseite\",\"item\":\"https:\\\/\\\/www.cofe.at\\\/\"},{\"@type\":\"ListItem\",\"position\":2,\"name\":\"Consulting\",\"item\":\"https:\\\/\\\/www.cofe.at\\\/index.php\\\/servicedienstleistungen\\\/\"},{\"@type\":\"ListItem\",\"position\":3,\"name\":\"Produktentwicklung und Zertifizierung\"}]},{\"@type\":\"WebSite\",\"@id\":\"https:\\\/\\\/www.cofe.at\\\/#website\",\"url\":\"https:\\\/\\\/www.cofe.at\\\/\",\"name\":\"CoFe e.U.\",\"description\":\"Consulting - Coaching - Computing\",\"publisher\":{\"@id\":\"https:\\\/\\\/www.cofe.at\\\/#organization\"},\"potentialAction\":[{\"@type\":\"SearchAction\",\"target\":{\"@type\":\"EntryPoint\",\"urlTemplate\":\"https:\\\/\\\/www.cofe.at\\\/?s={search_term_string}\"},\"query-input\":{\"@type\":\"PropertyValueSpecification\",\"valueRequired\":true,\"valueName\":\"search_term_string\"}}],\"inLanguage\":\"de-AT\"},{\"@type\":\"Organization\",\"@id\":\"https:\\\/\\\/www.cofe.at\\\/#organization\",\"name\":\"CoFe e.U.\",\"url\":\"https:\\\/\\\/www.cofe.at\\\/\",\"logo\":{\"@type\":\"ImageObject\",\"inLanguage\":\"de-AT\",\"@id\":\"https:\\\/\\\/www.cofe.at\\\/#\\\/schema\\\/logo\\\/image\\\/\",\"url\":\"https:\\\/\\\/www.cofe.at\\\/wp-content\\\/uploads\\\/2024\\\/11\\\/CoFe_Logo_ohneText_blau-bbfff2.svg\",\"contentUrl\":\"https:\\\/\\\/www.cofe.at\\\/wp-content\\\/uploads\\\/2024\\\/11\\\/CoFe_Logo_ohneText_blau-bbfff2.svg\",\"width\":100,\"height\":100,\"caption\":\"CoFe e.U.\"},\"image\":{\"@id\":\"https:\\\/\\\/www.cofe.at\\\/#\\\/schema\\\/logo\\\/image\\\/\"},\"sameAs\":[\"https:\\\/\\\/www.xing.com\\\/pages\\\/cofe-e-u\",\"https:\\\/\\\/www.linkedin.com\\\/company\\\/103912604\"]}]}<\/script>\n<!-- \/ Yoast SEO plugin. -->","yoast_head_json":{"title":"Produktentwicklung und Zertifizierung - CoFe e.U.","description":"Expertenberatung f\u00fcr Produktentwicklung und Zertifizierung! Optimieren Sie Ihre Entwicklungsprozesse und sichern Sie die Qualit\u00e4t Ihrer Produkte mit professionellen Zertifizierungsl\u00f6sungen. Jetzt mehr erfahren!","robots":{"index":"index","follow":"follow","max-snippet":"max-snippet:-1","max-image-preview":"max-image-preview:large","max-video-preview":"max-video-preview:-1"},"canonical":"https:\/\/www.cofe.at\/index.php\/servicedienstleistungen\/produktentwicklung-und-zertifizierung\/","og_locale":"de_DE","og_type":"article","og_title":"Produktentwicklung und Zertifizierung - CoFe e.U.","og_description":"Expertenberatung f\u00fcr Produktentwicklung und Zertifizierung! Optimieren Sie Ihre Entwicklungsprozesse und sichern Sie die Qualit\u00e4t Ihrer Produkte mit professionellen Zertifizierungsl\u00f6sungen. Jetzt mehr erfahren!","og_url":"https:\/\/www.cofe.at\/index.php\/servicedienstleistungen\/produktentwicklung-und-zertifizierung\/","og_site_name":"CoFe e.U.","article_modified_time":"2024-12-03T10:58:43+00:00","twitter_card":"summary_large_image","twitter_misc":{"Gesch\u00e4tzte Lesezeit":"3 Minuten"},"schema":{"@context":"https:\/\/schema.org","@graph":[{"@type":"WebPage","@id":"https:\/\/www.cofe.at\/index.php\/servicedienstleistungen\/produktentwicklung-und-zertifizierung\/","url":"https:\/\/www.cofe.at\/index.php\/servicedienstleistungen\/produktentwicklung-und-zertifizierung\/","name":"Produktentwicklung und Zertifizierung - CoFe e.U.","isPartOf":{"@id":"https:\/\/www.cofe.at\/#website"},"datePublished":"2024-11-26T07:25:39+00:00","dateModified":"2024-12-03T10:58:43+00:00","description":"Expertenberatung f\u00fcr Produktentwicklung und Zertifizierung! Optimieren Sie Ihre Entwicklungsprozesse und sichern Sie die Qualit\u00e4t Ihrer Produkte mit professionellen Zertifizierungsl\u00f6sungen. Jetzt mehr erfahren!","breadcrumb":{"@id":"https:\/\/www.cofe.at\/index.php\/servicedienstleistungen\/produktentwicklung-und-zertifizierung\/#breadcrumb"},"inLanguage":"de-AT","potentialAction":[{"@type":"ReadAction","target":["https:\/\/www.cofe.at\/index.php\/servicedienstleistungen\/produktentwicklung-und-zertifizierung\/"]}]},{"@type":"BreadcrumbList","@id":"https:\/\/www.cofe.at\/index.php\/servicedienstleistungen\/produktentwicklung-und-zertifizierung\/#breadcrumb","itemListElement":[{"@type":"ListItem","position":1,"name":"Startseite","item":"https:\/\/www.cofe.at\/"},{"@type":"ListItem","position":2,"name":"Consulting","item":"https:\/\/www.cofe.at\/index.php\/servicedienstleistungen\/"},{"@type":"ListItem","position":3,"name":"Produktentwicklung und Zertifizierung"}]},{"@type":"WebSite","@id":"https:\/\/www.cofe.at\/#website","url":"https:\/\/www.cofe.at\/","name":"CoFe e.U.","description":"Consulting - Coaching - Computing","publisher":{"@id":"https:\/\/www.cofe.at\/#organization"},"potentialAction":[{"@type":"SearchAction","target":{"@type":"EntryPoint","urlTemplate":"https:\/\/www.cofe.at\/?s={search_term_string}"},"query-input":{"@type":"PropertyValueSpecification","valueRequired":true,"valueName":"search_term_string"}}],"inLanguage":"de-AT"},{"@type":"Organization","@id":"https:\/\/www.cofe.at\/#organization","name":"CoFe e.U.","url":"https:\/\/www.cofe.at\/","logo":{"@type":"ImageObject","inLanguage":"de-AT","@id":"https:\/\/www.cofe.at\/#\/schema\/logo\/image\/","url":"https:\/\/www.cofe.at\/wp-content\/uploads\/2024\/11\/CoFe_Logo_ohneText_blau-bbfff2.svg","contentUrl":"https:\/\/www.cofe.at\/wp-content\/uploads\/2024\/11\/CoFe_Logo_ohneText_blau-bbfff2.svg","width":100,"height":100,"caption":"CoFe e.U."},"image":{"@id":"https:\/\/www.cofe.at\/#\/schema\/logo\/image\/"},"sameAs":["https:\/\/www.xing.com\/pages\/cofe-e-u","https:\/\/www.linkedin.com\/company\/103912604"]}]}},"_links":{"self":[{"href":"https:\/\/www.cofe.at\/index.php\/wp-json\/wp\/v2\/pages\/667","targetHints":{"allow":["GET"]}}],"collection":[{"href":"https:\/\/www.cofe.at\/index.php\/wp-json\/wp\/v2\/pages"}],"about":[{"href":"https:\/\/www.cofe.at\/index.php\/wp-json\/wp\/v2\/types\/page"}],"author":[{"embeddable":true,"href":"https:\/\/www.cofe.at\/index.php\/wp-json\/wp\/v2\/users\/1"}],"replies":[{"embeddable":true,"href":"https:\/\/www.cofe.at\/index.php\/wp-json\/wp\/v2\/comments?post=667"}],"version-history":[{"count":31,"href":"https:\/\/www.cofe.at\/index.php\/wp-json\/wp\/v2\/pages\/667\/revisions"}],"predecessor-version":[{"id":1591,"href":"https:\/\/www.cofe.at\/index.php\/wp-json\/wp\/v2\/pages\/667\/revisions\/1591"}],"up":[{"embeddable":true,"href":"https:\/\/www.cofe.at\/index.php\/wp-json\/wp\/v2\/pages\/171"}],"wp:attachment":[{"href":"https:\/\/www.cofe.at\/index.php\/wp-json\/wp\/v2\/media?parent=667"}],"curies":[{"name":"wp","href":"https:\/\/api.w.org\/{rel}","templated":true}]}}